{"id":131,"date":"2021-11-17T04:27:16","date_gmt":"2021-11-17T03:27:16","guid":{"rendered":"https:\/\/le-fourmilier.com\/?page_id=131"},"modified":"2024-02-19T13:30:46","modified_gmt":"2024-02-19T12:30:46","slug":"notre-catalogue-en-ligne","status":"publish","type":"page","link":"https:\/\/le-fourmilier.com\/?page_id=131","title":{"rendered":"Notre catalogue en ligne"},"content":{"rendered":"\n<figure class=\"wp-block-gallery has-nested-images columns-default is-cropped wp-block-gallery-1 is-layout-flex wp-block-gallery-is-layout-flex\">\n<figure class=\"wp-block-image size-full\"><a href=\"https:\/\/www.flipsnack.com\/atelierdufourmilier\/catalogue-permanent-2024\/full-view.html\"><img loading=\"lazy\" decoding=\"async\" width=\"478\" height=\"673\" data-id=\"208\" src=\"https:\/\/le-fourmilier.com\/wp-content\/uploads\/2024\/02\/Capture-decran-2024-02-19-132412.png\" alt=\"\" class=\"wp-image-208\" srcset=\"https:\/\/le-fourmilier.com\/wp-content\/uploads\/2024\/02\/Capture-decran-2024-02-19-132412.png 478w, https:\/\/le-fourmilier.com\/wp-content\/uploads\/2024\/02\/Capture-decran-2024-02-19-132412-213x300.png 213w\" sizes=\"auto, (max-width: 478px) 100vw, 478px\" \/><\/a><\/figure>\n<\/figure>\n\n\n\n<p class=\"has-vivid-cyan-blue-color has-text-color has-medium-font-size\"><meta charset=\"utf-8\"><\/meta><a href=\"https:\/\/www.flipsnack.com\/atelierdufourmilier\/catalogue-permanent-2024\/full-view.html\">Notre catalogue permanent \u00e0 d\u00e9couvrir par ici<\/a><\/p>\n\n\n\n<p><a href=\"https:\/\/le-fourmilier.com\/wp-content\/uploads\/2024\/02\/CATALOGUE-PERMANENT-2024-2.pdf\" data-type=\"attachment\" data-id=\"209\">ou \u00e0 t\u00e9l\u00e9charger en format PDF<\/a><\/p>\n\n\n\n<p><\/p>\n\n\n\n<p><\/p>\n\n\n\n<p class=\"has-vivid-cyan-blue-color has-text-color has-medium-font-size\"><\/p>\n","protected":false},"excerpt":{"rendered":"<p>Notre catalogue permanent \u00e0 d\u00e9couvrir par ici ou \u00e0 t\u00e9l\u00e9charger en format PDF<\/p>\n","protected":false},"author":2,"featured_media":0,"parent":0,"menu_order":0,"comment_status":"closed","ping_status":"closed","template":"","meta":{"footnotes":""},"class_list":["post-131","page","type-page","status-publish","hentry"],"_links":{"self":[{"href":"https:\/\/le-fourmilier.com\/index.php?rest_route=\/wp\/v2\/pages\/131","targetHints":{"allow":["GET"]}}],"collection":[{"href":"https:\/\/le-fourmilier.com\/index.php?rest_route=\/wp\/v2\/pages"}],"about":[{"href":"https:\/\/le-fourmilier.com\/index.php?rest_route=\/wp\/v2\/types\/page"}],"author":[{"embeddable":true,"href":"https:\/\/le-fourmilier.com\/index.php?rest_route=\/wp\/v2\/users\/2"}],"replies":[{"embeddable":true,"href":"https:\/\/le-fourmilier.com\/index.php?rest_route=%2Fwp%2Fv2%2Fcomments&post=131"}],"version-history":[{"count":15,"href":"https:\/\/le-fourmilier.com\/index.php?rest_route=\/wp\/v2\/pages\/131\/revisions"}],"predecessor-version":[{"id":214,"href":"https:\/\/le-fourmilier.com\/index.php?rest_route=\/wp\/v2\/pages\/131\/revisions\/214"}],"wp:attachment":[{"href":"https:\/\/le-fourmilier.com\/index.php?rest_route=%2Fwp%2Fv2%2Fmedia&parent=131"}],"curies":[{"name":"wp","href":"https:\/\/api.w.org\/{rel}","templated":true}]}}