{"id":13,"date":"2021-11-09T22:55:05","date_gmt":"2021-11-09T21:55:05","guid":{"rendered":"https:\/\/le-fourmilier.com\/?page_id=13"},"modified":"2024-02-15T17:22:14","modified_gmt":"2024-02-15T16:22:14","slug":"accueil","status":"publish","type":"page","link":"https:\/\/le-fourmilier.com\/","title":{"rendered":"Notre m\u00e9tier"},"content":{"rendered":"\n<p>R\u00e9unir <strong>solidit\u00e9, confort et originalit\u00e9 <\/strong>dans un seul produit.<\/p>\n\n\n\n<p>L&rsquo;atelier a ouvert ses portes en 2018 avec sa premi\u00e8re gamme de <strong>colliers martingales pour<\/strong> <strong>chiens<\/strong> et a rapidement \u00e9volu\u00e9 vers une gamme de sellerie plus \u00e9tendue en tissu.<\/p>\n\n\n\n<p>Soucieux de suivre l&rsquo;\u00e9volution en terme de <strong>confort et de s\u00e9curit\u00e9<\/strong>, la gamme en mati\u00e8re BioThane \u00ae a \u00e9t\u00e9 cr\u00e9\u00e9e.<\/p>\n","protected":false},"excerpt":{"rendered":"<p>R\u00e9unir solidit\u00e9, confort et originalit\u00e9 dans un seul produit. L&rsquo;atelier a ouvert ses portes en 2018 avec sa premi\u00e8re gamme de colliers martingales pour chiens et a rapidement \u00e9volu\u00e9 vers une gamme de sellerie plus \u00e9tendue en tissu. Soucieux de suivre l&rsquo;\u00e9volution en terme de confort et de s\u00e9curit\u00e9, la gamme en mati\u00e8re BioThane \u00ae &hellip; <\/p>\n<p class=\"link-more\"><a href=\"https:\/\/le-fourmilier.com\/\" class=\"more-link\">Continuer la lecture<span class=\"screen-reader-text\"> de &laquo;&nbsp;Notre m\u00e9tier&nbsp;&raquo;<\/span><\/a><\/p>\n","protected":false},"author":2,"featured_media":201,"parent":0,"menu_order":0,"comment_status":"closed","ping_status":"closed","template":"","meta":{"footnotes":""},"class_list":["post-13","page","type-page","status-publish","has-post-thumbnail","hentry"],"_links":{"self":[{"href":"https:\/\/le-fourmilier.com\/index.php?rest_route=\/wp\/v2\/pages\/13","targetHints":{"allow":["GET"]}}],"collection":[{"href":"https:\/\/le-fourmilier.com\/index.php?rest_route=\/wp\/v2\/pages"}],"about":[{"href":"https:\/\/le-fourmilier.com\/index.php?rest_route=\/wp\/v2\/types\/page"}],"author":[{"embeddable":true,"href":"https:\/\/le-fourmilier.com\/index.php?rest_route=\/wp\/v2\/users\/2"}],"replies":[{"embeddable":true,"href":"https:\/\/le-fourmilier.com\/index.php?rest_route=%2Fwp%2Fv2%2Fcomments&post=13"}],"version-history":[{"count":6,"href":"https:\/\/le-fourmilier.com\/index.php?rest_route=\/wp\/v2\/pages\/13\/revisions"}],"predecessor-version":[{"id":49,"href":"https:\/\/le-fourmilier.com\/index.php?rest_route=\/wp\/v2\/pages\/13\/revisions\/49"}],"wp:featuredmedia":[{"embeddable":true,"href":"https:\/\/le-fourmilier.com\/index.php?rest_route=\/wp\/v2\/media\/201"}],"wp:attachment":[{"href":"https:\/\/le-fourmilier.com\/index.php?rest_route=%2Fwp%2Fv2%2Fmedia&parent=13"}],"curies":[{"name":"wp","href":"https:\/\/api.w.org\/{rel}","templated":true}]}}